{"id":5130,"date":"2023-07-10T17:47:56","date_gmt":"2023-07-10T15:47:56","guid":{"rendered":"https:\/\/www.spolchemie.cz\/sponsorship\/"},"modified":"2023-08-06T19:50:48","modified_gmt":"2023-08-06T17:50:48","slug":"sponsorship","status":"publish","type":"page","link":"https:\/\/www.spolchemie.cz\/en\/responsible-company\/sponsorship\/","title":{"rendered":"Sponsorship"},"content":{"rendered":"\t\t<div data-elementor-type=\"wp-page\" data-elementor-id=\"5130\" class=\"elementor elementor-5130 elementor-2309\" data-elementor-post-type=\"page\">\n\t\t\t\t<div data-dce-background-image-url=\"https:\/\/www.spolchemie.cz\/wp-content\/uploads\/2023\/07\/sponzor-1.png\" class=\"elementor-element elementor-element-5e0112c7 e-con-full e-flex e-con e-parent\" data-id=\"5e0112c7\" data-element_type=\"container\" data-settings=\"{&quot;background_background&quot;:&quot;classic&quot;}\">\n\t\t\t\t<\/div>\n\t\t<div class=\"elementor-element elementor-element-62a71a4a e-flex e-con-boxed e-con e-parent\" data-id=\"62a71a4a\" data-element_type=\"container\" data-settings=\"{&quot;background_background&quot;:&quot;classic&quot;}\">\n\t\t\t\t\t<div class=\"e-con-inner\">\n\t\t<div class=\"elementor-element elementor-element-3a35b12b e-flex e-con-boxed e-con e-parent\" data-id=\"3a35b12b\" data-element_type=\"container\">\n\t\t\t\t\t<div class=\"e-con-inner\">\n\t\t\t\t<div class=\"elementor-element elementor-element-1df5c8e3 elementor-widget elementor-widget-sp-breadcrumbs\" data-id=\"1df5c8e3\" data-element_type=\"widget\" data-widget_type=\"sp-breadcrumbs.default\">\n\t\t\t\t<div class=\"elementor-widget-container\">\n\t\t\t\t\t<nav  aria-label=\"breadcrumb\"><ol class=\"breadcrumb\" itemscope itemtype=\"https:\/\/schema.org\/BreadcrumbList\"><li class=\"breadcrumb-item active\" aria-current=\"page\" itemprop=\"itemListElement\" itemscope itemtype=\"https:\/\/schema.org\/ListItem\"><span itemprop=\"name\">Spolchemie<\/span><meta itemprop=\"position\" content=\"1\"><\/li><\/ol><\/nav>\t\t\t\t<\/div>\n\t\t\t\t<\/div>\n\t\t\t\t<div class=\"elementor-element elementor-element-38e123a7 elementor-widget elementor-widget-heading\" data-id=\"38e123a7\" data-element_type=\"widget\" data-widget_type=\"heading.default\">\n\t\t\t\t\t<h1 class=\"elementor-heading-title elementor-size-default\">Sponsorship<\/h1>\t\t\t\t<\/div>\n\t\t\t\t\t<\/div>\n\t\t\t\t<\/div>\n\t\t\t\t\t<\/div>\n\t\t\t\t<\/div>\n\t\t<div class=\"elementor-element elementor-element-498eb50d e-flex e-con-boxed e-con e-parent\" data-id=\"498eb50d\" data-element_type=\"container\" data-settings=\"{&quot;background_background&quot;:&quot;classic&quot;}\">\n\t\t\t\t\t<div class=\"e-con-inner\">\n\t\t<div class=\"elementor-element elementor-element-e4634f3 e-flex e-con-boxed e-con e-parent\" data-id=\"e4634f3\" data-element_type=\"container\">\n\t\t\t\t\t<div class=\"e-con-inner\">\n\t\t\t\t<div class=\"elementor-element elementor-element-5b8ba429 elementor-widget elementor-widget-heading\" data-id=\"5b8ba429\" data-element_type=\"widget\" data-widget_type=\"heading.default\">\n\t\t\t\t\t<div class=\"elementor-heading-title elementor-size-default\">MINIGRANTS FROM SPOLCHEMIE: Are you organizing an event or planning a project that will benefit and support people in the \u00dast\u00ed nad Labem region?<\/div>\t\t\t\t<\/div>\n\t\t\t\t<div class=\"elementor-element elementor-element-386b5504 elementor-widget elementor-widget-text-editor\" data-id=\"386b5504\" data-element_type=\"widget\" data-widget_type=\"text-editor.default\">\n\t\t\t\t\t\t\t\t\t<div id=\"block_6999\" class=\"page_block individual_font_size_1 text_align_left vertical_align_top special_image_vertical_align_top block_template_100\">\n<article class=\"block_template_100\">\n<div class=\"html\">\n<p>If your activity falls into one of the following categories:<\/p>\n<ul>\n<li><strong>Healthy body<\/strong> (children&#8217;s and amateur sports, health stays, senior activities, hiking, etc.)<\/li>\n<li><strong>Bright mind<\/strong> (education, cultural activities)<\/li>\n<li><strong>Clean nature<\/strong> (environmental protection)<\/li>\n<\/ul>\n<p>you can apply for a financial mini-grant to support your event from SPOLCHEMIE (Spolek pro chemickou a hutn\u00ed v\u00fdrobu, akciov\u00e1 spole\u010dnost) using the form on our website. A committee composed of representatives of SPOLCHEMIE will decide whether to support your event.<\/p>\n<p><strong>The amount of your contribution can be up to CZK 10,000 per event.<\/strong><\/p>\n<\/div>\n<\/article>\n<\/div>\n<div id=\"block_6961\" class=\"page_block individual_font_size_1 text_align_left vertical_align_top special_image_vertical_align_top block_template_901\">\n<article class=\"block_template_901\">\n<div class=\"html\">\n<section class=\"subpages-list\">\n<ul>\n<li><span style=\"text-decoration: underline;\"><a class=\"\" href=\"https:\/\/www.spolchemie.cz\/en\/how-to-apply\/\">How to apply<\/a><\/span><\/li>\n<li><span style=\"text-decoration: underline;\"><a class=\"\" href=\"https:\/\/www.spolchemie.cz\/en\/rules-of-the-event\/\">Rules of the event<\/a><\/span><\/li>\n<li><span style=\"text-decoration: underline;\"><a class=\"\" href=\"https:\/\/www.spolchemie.cz\/en\/dates-and-commissions\/\">Dates and Commissions<\/a><\/span><\/li>\n<li><span style=\"text-decoration: underline;\"><a class=\"\" href=\"https:\/\/www.spolchemie.cz\/en\/overview-of-applications\/\">Overview of applications<\/a><\/span><\/li>\n<\/ul>\n<\/section>\n<\/div>\n<\/article>\n<\/div>\n\t\t\t\t\t\t\t\t<\/div>\n\t\t\t\t\t<\/div>\n\t\t\t\t<\/div>\n\t\t\t\t\t<\/div>\n\t\t\t\t<\/div>\n\t\t\t\t<\/div>\n\t\t","protected":false},"excerpt":{"rendered":"<p>\u00davodn\u00ed MINIGRANTS FROM SPOLCHEMIE: Are you organizing an event or planning a project that will benefit and support people in the \u00dast\u00ed nad Labem region? If your activity falls into one of the following categories: Healthy body (children&#8217;s and amateur sports, health stays, senior activities, hiking, etc.) Bright mind (education, cultural activities) Clean nature (environmental [&hellip;]<\/p>\n","protected":false},"author":1,"featured_media":0,"parent":5132,"menu_order":0,"comment_status":"closed","ping_status":"closed","template":"","meta":{"_acf_changed":false,"_seopress_robots_primary_cat":"","_seopress_titles_title":"","_seopress_titles_desc":"","_seopress_robots_index":"","footnotes":"","_links_to":"","_links_to_target":""},"class_list":["post-5130","page","type-page","status-publish","hentry"],"acf":[],"_links":{"self":[{"href":"https:\/\/www.spolchemie.cz\/en\/wp-json\/wp\/v2\/pages\/5130","targetHints":{"allow":["GET"]}}],"collection":[{"href":"https:\/\/www.spolchemie.cz\/en\/wp-json\/wp\/v2\/pages"}],"about":[{"href":"https:\/\/www.spolchemie.cz\/en\/wp-json\/wp\/v2\/types\/page"}],"author":[{"embeddable":true,"href":"https:\/\/www.spolchemie.cz\/en\/wp-json\/wp\/v2\/users\/1"}],"replies":[{"embeddable":true,"href":"https:\/\/www.spolchemie.cz\/en\/wp-json\/wp\/v2\/comments?post=5130"}],"version-history":[{"count":1,"href":"https:\/\/www.spolchemie.cz\/en\/wp-json\/wp\/v2\/pages\/5130\/revisions"}],"predecessor-version":[{"id":5134,"href":"https:\/\/www.spolchemie.cz\/en\/wp-json\/wp\/v2\/pages\/5130\/revisions\/5134"}],"up":[{"embeddable":true,"href":"https:\/\/www.spolchemie.cz\/en\/wp-json\/wp\/v2\/pages\/5132"}],"wp:attachment":[{"href":"https:\/\/www.spolchemie.cz\/en\/wp-json\/wp\/v2\/media?parent=5130"}],"curies":[{"name":"wp","href":"https:\/\/api.w.org\/{rel}","templated":true}]}}